{"id":1378,"date":"2021-05-15T23:45:51","date_gmt":"2021-05-15T23:45:51","guid":{"rendered":"https:\/\/jehidalgorealestate.com\/barrios\/"},"modified":"2024-03-27T00:06:42","modified_gmt":"2024-03-27T00:06:42","slug":"barrios","status":"publish","type":"page","link":"https:\/\/jehidalgorealestate.com\/es\/barrios\/","title":{"rendered":"Nueva construcci\u00f3n"},"content":{"rendered":"<p>[et_pb_section fb_built=&#8221;1&#8243; fullwidth=&#8221;on&#8221; disabled_on=&#8221;off|off|off&#8221; admin_label=&#8221;Header&#8221; _builder_version=&#8221;4.16&#8243; background_color=&#8221;#b7b9c7&#8243; custom_padding=&#8221;||||false|false&#8221; locked=&#8221;off&#8221; global_colors_info=&#8221;{}&#8221;][et_pb_fullwidth_header title=&#8221;Miami Nueva Construcci\u00f3n&#8221; subhead=&#8221;Si est\u00e1 buscando una casa nueva, el sur de Florida ofrece una variada selecci\u00f3n de nuevas construcciones.&#8221; text_orientation=&#8221;center&#8221; background_overlay_color=&#8221;rgba(71,71,71,0.45)&#8221; _builder_version=&#8221;4.21.0&#8243; title_font=&#8221;Montserrat|700|||||||&#8221; title_text_align=&#8221;center&#8221; title_text_color=&#8221;#ebb862&#8243; title_font_size=&#8221;55px&#8221; title_line_height=&#8221;1.1em&#8221; content_font=&#8221;Noto Sans||||||||&#8221; content_font_size=&#8221;18px&#8221; content_line_height=&#8221;2em&#8221; subhead_font=&#8221;Montserrat|700|||||||&#8221; subhead_text_align=&#8221;center&#8221; subhead_text_color=&#8221;#FFFFFF&#8221; subhead_font_size=&#8221;22px&#8221; subhead_line_height=&#8221;1.3em&#8221; background_color=&#8221;rgba(255,255,255,0)&#8221; background_image=&#8221;https:\/\/jehidalgorealestate.com\/wp-content\/uploads\/2024\/03\/header-new-construction-page.jpg&#8221; custom_button_one=&#8221;on&#8221; button_one_text_size=&#8221;17px&#8221; button_one_text_color=&#8221;#ffffff&#8221; button_one_bg_color=&#8221;#ff6b5a&#8221; button_one_border_width=&#8221;7px&#8221; button_one_border_color=&#8221;#ff6b5a&#8221; button_one_border_radius=&#8221;100px&#8221; button_one_font=&#8221;Noto Sans|700||on|||||&#8221; button_one_use_icon=&#8221;off&#8221; custom_margin=&#8221;|||&#8221; custom_padding=&#8221;110px||203px||false|&#8221; custom_padding_tablet=&#8221;100px|||&#8221; custom_padding_phone=&#8221;100px||150px||false|&#8221; custom_padding_last_edited=&#8221;on|phone&#8221; animation_style=&#8221;fade&#8221; animation_direction=&#8221;top&#8221; hover_enabled=&#8221;0&#8243; title_font_size_tablet=&#8221;60px&#8221; title_font_size_phone=&#8221;30px&#8221; title_font_size_last_edited=&#8221;on|phone&#8221; subhead_font_size_tablet=&#8221;&#8221; subhead_font_size_phone=&#8221;17px&#8221; subhead_font_size_last_edited=&#8221;on|desktop&#8221; subhead_line_height_tablet=&#8221;&#8221; subhead_line_height_phone=&#8221;1.5em&#8221; subhead_line_height_last_edited=&#8221;on|phone&#8221; button_one_text_color_hover=&#8221;#ffffff&#8221; button_one_border_color_hover=&#8221;#ff9e59&#8243; button_one_border_radius_hover=&#8221;100px&#8221; button_one_bg_color_hover=&#8221;#ff9e59&#8243; global_colors_info=&#8221;{}&#8221; button_one_text_size__hover_enabled=&#8221;off&#8221; button_two_text_size__hover_enabled=&#8221;off&#8221; button_one_text_color__hover_enabled=&#8221;on&#8221; button_one_text_color__hover=&#8221;#ffffff&#8221; button_two_text_color__hover_enabled=&#8221;off&#8221; button_one_border_width__hover_enabled=&#8221;off&#8221; button_two_border_width__hover_enabled=&#8221;off&#8221; button_one_border_color__hover_enabled=&#8221;on&#8221; button_one_border_color__hover=&#8221;#ff9e59&#8243; button_two_border_color__hover_enabled=&#8221;off&#8221; button_one_border_radius__hover_enabled=&#8221;on&#8221; button_one_border_radius__hover=&#8221;100px&#8221; button_two_border_radius__hover_enabled=&#8221;off&#8221; button_one_letter_spacing__hover_enabled=&#8221;off&#8221; button_two_letter_spacing__hover_enabled=&#8221;off&#8221; button_one_bg_color__hover_enabled=&#8221;on&#8221; button_one_bg_color__hover=&#8221;#ff9e59&#8243; button_two_bg_color__hover_enabled=&#8221;off&#8221; sticky_enabled=&#8221;0&#8243; title_text=&#8221;header-new-construction-page&#8221;][\/et_pb_fullwidth_header][\/et_pb_section][et_pb_section fb_built=&#8221;1&#8243; disabled_on=&#8221;off|off|off&#8221; admin_label=&#8221;Follow Along&#8221; _builder_version=&#8221;4.16&#8243; use_background_color_gradient=&#8221;on&#8221; background_color_gradient_stops=&#8221;#ffffff 0%|rgba(255,255,255,0) 52%&#8221; background_color_gradient_overlays_image=&#8221;on&#8221; background_color_gradient_start=&#8221;#ffffff&#8221; background_color_gradient_end=&#8221;rgba(255,255,255,0)&#8221; background_color_gradient_end_position=&#8221;52%&#8221; background_image=&#8221;https:\/\/jehidalgorealestate.com\/wp-content\/uploads\/2021\/06\/footer-city.jpg&#8221; background_position=&#8221;center_right&#8221; module_alignment=&#8221;center&#8221; custom_padding=&#8221;71px||36vw||false|false&#8221; background_last_edited=&#8221;on|phone&#8221; background_image_phone=&#8221;https:\/\/jehidalgorealestate.com\/wp-content\/uploads\/2021\/06\/footer_city_movil.jpg&#8221; background_enable_image_phone=&#8221;on&#8221; locked=&#8221;off&#8221; global_colors_info=&#8221;{}&#8221;][et_pb_row column_structure=&#8221;1_4,1_2,1_4&#8243; module_class=&#8221; et_pb_row_fullwidth&#8221; _builder_version=&#8221;4.16&#8243; width=&#8221;89%&#8221; width_tablet=&#8221;80%&#8221; width_phone=&#8221;&#8221; width_last_edited=&#8221;on|desktop&#8221; max_width=&#8221;89%&#8221; max_width_tablet=&#8221;80%&#8221; max_width_phone=&#8221;&#8221; max_width_last_edited=&#8221;on|phone&#8221; module_alignment=&#8221;center&#8221; custom_margin=&#8221;||||false|false&#8221; custom_padding=&#8221;||||false|false&#8221; make_fullwidth=&#8221;on&#8221; global_colors_info=&#8221;{}&#8221;][et_pb_column type=&#8221;1_4&#8243; _builder_version=&#8221;4.16&#8243; custom_padding=&#8221;|||&#8221; global_colors_info=&#8221;{}&#8221; custom_padding__hover=&#8221;|||&#8221;][\/et_pb_column][et_pb_column type=&#8221;1_2&#8243; _builder_version=&#8221;4.16&#8243; custom_padding=&#8221;|||&#8221; global_colors_info=&#8221;{}&#8221; custom_padding__hover=&#8221;|||&#8221;][et_pb_signup mailchimp_list=&#8221;MailChimp|a2a8628be3&#8243; first_name_field=&#8221;off&#8221; last_name_field=&#8221;off&#8221; title=&#8221;\u00a1Adel\u00e1ntese al mercado inmobiliario de Miami!&#8221; button_text=&#8221;Suscr\u00edbase hoy mismo&#8221; description=&#8221;<\/p>\n<p>Descubra lo que ocurre en el mercado y sea el primero en conocer las ofertas inmobiliarias para compradores y vendedores.<\/p>\n<p>&#8221; _builder_version=&#8221;4.16&#8243; form_field_background_color=&#8221;#f4f4f4&#8243; form_field_text_color=&#8221;#929292&#8243; form_field_focus_background_color=&#8221;#000000&#8243; header_font=&#8221;Montserrat|700|||||||&#8221; header_font_size=&#8221;30px&#8221; header_line_height=&#8221;1.1em&#8221; body_font=&#8221;Noto Sans||||||||&#8221; body_line_height=&#8221;1.8em&#8221; result_message_font=&#8221;Noto Sans||||||||&#8221; result_message_font_size=&#8221;17px&#8221; use_background_color=&#8221;off&#8221; custom_button=&#8221;on&#8221; button_text_size=&#8221;15px&#8221; button_text_color=&#8221;#ffffff&#8221; button_bg_color=&#8221;#931914&#8243; button_border_width=&#8221;5px&#8221; button_border_color=&#8221;#931914&#8243; button_border_radius=&#8221;0px&#8221; button_letter_spacing=&#8221;1px&#8221; button_font=&#8221;Montserrat|700||on|||||&#8221; button_icon=&#8221;&#x45;||divi||400&#8243; text_orientation=&#8221;center&#8221; background_layout=&#8221;light&#8221; module_alignment=&#8221;center&#8221; animation_style=&#8221;slide&#8221; animation_direction=&#8221;bottom&#8221; animation_intensity_slide=&#8221;10%&#8221; header_font_size_tablet=&#8221;&#8221; header_font_size_phone=&#8221;28px&#8221; header_font_size_last_edited=&#8221;on|phone&#8221; border_radii_fields=&#8221;on|0px|0px|0px|0px&#8221; border_color_all_fields=&#8221;#ffffff&#8221; box_shadow_style_fields=&#8221;preset1&#8243; box_shadow_vertical_fields=&#8221;52px&#8221; box_shadow_blur_fields=&#8221;80px&#8221; box_shadow_color_fields=&#8221;3px&#8221; button_text_color_hover=&#8221;#ffffff&#8221; button_border_color_hover=&#8221;#ff9e59&#8243; button_border_radius_hover=&#8221;100px&#8221; button_bg_color_hover=&#8221;#ff9e59&#8243; focus_background_color=&#8221;#000000&#8243; global_colors_info=&#8221;{}&#8221; button_text_size__hover_enabled=&#8221;off&#8221; button_one_text_size__hover_enabled=&#8221;off&#8221; button_two_text_size__hover_enabled=&#8221;off&#8221; button_text_color__hover_enabled=&#8221;on|hover&#8221; button_text_color__hover=&#8221;#ffffff&#8221; button_one_text_color__hover_enabled=&#8221;off&#8221; button_two_text_color__hover_enabled=&#8221;off&#8221; button_border_width__hover_enabled=&#8221;off&#8221; button_one_border_width__hover_enabled=&#8221;off&#8221; button_two_border_width__hover_enabled=&#8221;off&#8221; button_border_color__hover_enabled=&#8221;on&#8221; button_border_color__hover=&#8221;#e1af5a&#8221; button_one_border_color__hover_enabled=&#8221;off&#8221; button_two_border_color__hover_enabled=&#8221;off&#8221; button_border_radius__hover_enabled=&#8221;on|hover&#8221; button_border_radius__hover=&#8221;0px&#8221; button_one_border_radius__hover_enabled=&#8221;off&#8221; button_two_border_radius__hover_enabled=&#8221;off&#8221; button_letter_spacing__hover_enabled=&#8221;off&#8221; button_one_letter_spacing__hover_enabled=&#8221;off&#8221; button_two_letter_spacing__hover_enabled=&#8221;off&#8221; button_bg_color__hover_enabled=&#8221;on|hover&#8221; button_bg_color__hover=&#8221;#e1af5a&#8221; button_one_bg_color__hover_enabled=&#8221;off&#8221; button_two_bg_color__hover_enabled=&#8221;off&#8221; header_2_font_size_phone=&#8221;34px&#8221; header_2_font_size_last_edited=&#8221;on|phone&#8221; header_3_font_size_phone=&#8221;34px&#8221; header_3_font_size_last_edited=&#8221;on|phone&#8221; header_4_font_size_phone=&#8221;34px&#8221; header_4_font_size_last_edited=&#8221;on|phone&#8221; header_5_font_size_phone=&#8221;34px&#8221; header_5_font_size_last_edited=&#8221;on|phone&#8221; header_6_font_size_phone=&#8221;34px&#8221; header_6_font_size_last_edited=&#8221;on|phone&#8221;]Lorem ipsum dolor sit amet, consectetur adipiscing elit, sed do eiusmod tempor incididunt ut labore et dolore magna aliqua. Ut enim ad minim veniam.<br \/>\n[\/et_pb_signup][et_pb_social_media_follow _builder_version=&#8221;4.16&#8243; text_orientation=&#8221;center&#8221; background_layout=&#8221;dark&#8221; module_alignment=&#8221;right&#8221; custom_margin=&#8221;-35px||||false|false&#8221; custom_margin_tablet=&#8221;&#8221; custom_margin_phone=&#8221;-35px||32px||false|false&#8221; custom_margin_last_edited=&#8221;on|desktop&#8221; custom_padding=&#8221;17px|||||&#8221; animation_style=&#8221;slide&#8221; animation_direction=&#8221;bottom&#8221; animation_intensity_slide=&#8221;10%&#8221; border_radii=&#8221;on|100%|100%|100%|100%&#8221; locked=&#8221;off&#8221; global_colors_info=&#8221;{}&#8221;][et_pb_social_media_follow_network social_network=&#8221;facebook&#8221; url=&#8221;https:\/\/www.facebook.com\/public\/Jorge-Hidalgo&#8221; _builder_version=&#8221;4.16&#8243; background_color=&#8221;#ecb862&#8243; background_enable_color=&#8221;on&#8221; custom_margin=&#8221;|10px||10px||true&#8221; custom_padding=&#8221;10px|10px|10px|10px|true|true&#8221; global_colors_info=&#8221;{}&#8221; follow_button=&#8221;off&#8221; url_new_window=&#8221;on&#8221;]facebook[\/et_pb_social_media_follow_network][et_pb_social_media_follow_network social_network=&#8221;linkedin&#8221; url=&#8221;https:\/\/www.linkedin.com\/authwall?trk=bf&#038;trkInfo=AQEcWjUkrNBsdQAAAXu8owcwtsHaiDL5puBihmq9tZnS1l0SepuTT9HlYfcXUUFJxq4IMr8lQrrHEPvcZ03zi465uukELj6fUHxiHFdkoLe-fz_YLEkmbfz3mG_o2tr5OUno6Tg=&#038;originalReferer=&#038;sessionRedirect=https%3A%2F%2Fwww.linkedin.com%2Fin%2Fjorge-hidalgo-2a6022152%2F&#8221; _builder_version=&#8221;4.16&#8243; background_color=&#8221;#ecb862&#8243; background_enable_color=&#8221;on&#8221; custom_margin=&#8221;|10px||10px||true&#8221; custom_padding=&#8221;10px|10px|10px|10px|true|true&#8221; global_colors_info=&#8221;{}&#8221; follow_button=&#8221;off&#8221; url_new_window=&#8221;on&#8221;]linkedin[\/et_pb_social_media_follow_network][et_pb_social_media_follow_network social_network=&#8221;instagram&#8221; url=&#8221;https:\/\/www.instagram.com\/jehidalgomia\/&#8221; _builder_version=&#8221;4.16&#8243; background_color=&#8221;#ecb862&#8243; background_enable_color=&#8221;on&#8221; custom_margin=&#8221;|10px||10px||true&#8221; custom_padding=&#8221;10px|10px|10px|10px|true|true&#8221; global_colors_info=&#8221;{}&#8221; follow_button=&#8221;off&#8221; url_new_window=&#8221;on&#8221;]instagram[\/et_pb_social_media_follow_network][\/et_pb_social_media_follow][\/et_pb_column][et_pb_column type=&#8221;1_4&#8243; _builder_version=&#8221;4.16&#8243; custom_padding=&#8221;|||&#8221; global_colors_info=&#8221;{}&#8221; custom_padding__hover=&#8221;|||&#8221;][\/et_pb_column][\/et_pb_row][\/et_pb_section][et_pb_section fb_built=&#8221;1&#8243; _builder_version=&#8221;4.16&#8243; _module_preset=&#8221;default&#8221; background_color=&#8221;#931914&#8243; custom_padding=&#8221;0px||0px||false|false&#8221; locked=&#8221;off&#8221; global_colors_info=&#8221;{}&#8221;][et_pb_row column_structure=&#8221;3_5,2_5&#8243; _builder_version=&#8221;4.16&#8243; _module_preset=&#8221;default&#8221; custom_padding=&#8221;||||false|false&#8221; global_colors_info=&#8221;{}&#8221;][et_pb_column type=&#8221;3_5&#8243; _builder_version=&#8221;4.16&#8243; _module_preset=&#8221;default&#8221; global_colors_info=&#8221;{}&#8221;][et_pb_text _builder_version=&#8221;4.16&#8243; _module_preset=&#8221;default&#8221; text_text_color=&#8221;rgba(255,255,255,0.87)&#8221; text_font_size=&#8221;12px&#8221; global_colors_info=&#8221;{}&#8221;]<\/p>\n<p style=\"text-align: center;\"><strong>Jorge E. Hidalgo Borroto, P.A \u00ae 2018<\/strong> <em>en Cervera Real State. <\/em> Todos los derechos reservados.<\/p>\n<p>[\/et_pb_text][\/et_pb_column][et_pb_column type=&#8221;2_5&#8243; _builder_version=&#8221;4.16&#8243; _module_preset=&#8221;default&#8221; global_colors_info=&#8221;{}&#8221;][et_pb_text _builder_version=&#8221;4.16&#8243; _module_preset=&#8221;default&#8221; text_font=&#8221;|||on|||||&#8221; text_text_color=&#8221;#FFFFFF&#8221; text_font_size=&#8221;11px&#8221; link_text_color=&#8221;#f8d164&#8243; global_colors_info=&#8221;{}&#8221;]<\/p>\n<p style=\"text-align: center;\"><strong><a href=\"https:\/\/jehidalgorealestate.com\/es\/politica-de-privacidad\/\">Pol\u00edtica de privacidad <\/a>    <span>|<\/span>    <a href=\"https:\/\/jehidalgorealestate.com\/es\/condiciones-de-servicio\/\"> Condiciones de servicio<\/a><\/strong><\/p>\n<p>[\/et_pb_text][\/et_pb_column][\/et_pb_row][\/et_pb_section]<\/p>\n","protected":false},"excerpt":{"rendered":"<p>Lorem ipsum dolor sit amet, consectetur adipiscing elit, sed do eiusmod tempor incididunt ut labore et dolore magna aliqua. Ut enim ad minim veniam. Jorge E. Hidalgo Borroto, P.A \u00ae 2018 en Cervera Real State. Todos los derechos reservados.Pol\u00edtica de privacidad | Condiciones de servicio<\/p>\n","protected":false},"author":3,"featured_media":0,"parent":0,"menu_order":0,"comment_status":"closed","ping_status":"closed","template":"","meta":{"nf_dc_page":"","_et_pb_use_builder":"on","_et_pb_old_content":"","_et_gb_content_width":"","footnotes":""},"class_list":["post-1378","page","type-page","status-publish","hentry"],"yoast_head":"<!-- This site is optimized with the Yoast SEO Premium plugin v24.2 (Yoast SEO v27.2) - https:\/\/yoast.com\/product\/yoast-seo-premium-wordpress\/ -->\n<title>Sobre Miami Lujo Nuevas Construcciones | JHidalgo<\/title>\n<meta name=\"description\" content=\"\u00bfBuscando en los barrios de Miami? Aqu\u00ed est\u00e1 una visi\u00f3n general de por qu\u00e9 Downtown Miami, Brickell, y Edgewater son las 3 mejores \u00e1reas en Miami para comprar una propiedad de lujo.\" \/>\n<meta name=\"robots\" content=\"index, follow, max-snippet:-1, max-image-preview:large, max-video-preview:-1\" \/>\n<link rel=\"canonical\" href=\"https:\/\/jehidalgorealestate.com\/es\/barrios\/\" \/>\n<meta property=\"og:locale\" content=\"es_ES\" \/>\n<meta property=\"og:type\" content=\"article\" \/>\n<meta property=\"og:title\" content=\"Nueva construcci\u00f3n\" \/>\n<meta property=\"og:url\" content=\"https:\/\/jehidalgorealestate.com\/es\/barrios\/\" \/>\n<meta property=\"og:site_name\" content=\"JHidalgo\" \/>\n<meta property=\"article:publisher\" content=\"https:\/\/www.facebook.com\/JeHidalgoMIA\/\" \/>\n<meta property=\"article:modified_time\" content=\"2024-03-27T00:06:42+00:00\" \/>\n<meta name=\"twitter:card\" content=\"summary_large_image\" \/>\n<meta name=\"twitter:label1\" content=\"Tiempo de lectura\" \/>\n\t<meta name=\"twitter:data1\" content=\"8 minutos\" \/>\n<script type=\"application\/ld+json\" class=\"yoast-schema-graph\">{\"@context\":\"https:\/\/schema.org\",\"@graph\":[{\"@type\":\"WebPage\",\"@id\":\"https:\/\/jehidalgorealestate.com\/es\/barrios\/\",\"url\":\"https:\/\/jehidalgorealestate.com\/es\/barrios\/\",\"name\":\"Sobre Miami Lujo Nuevas Construcciones | JHidalgo\",\"isPartOf\":{\"@id\":\"https:\/\/jehidalgorealestate.com\/es\/#website\"},\"datePublished\":\"2021-05-15T23:45:51+00:00\",\"dateModified\":\"2024-03-27T00:06:42+00:00\",\"description\":\"\u00bfBuscando en los barrios de Miami? Aqu\u00ed est\u00e1 una visi\u00f3n general de por qu\u00e9 Downtown Miami, Brickell, y Edgewater son las 3 mejores \u00e1reas en Miami para comprar una propiedad de lujo.\",\"breadcrumb\":{\"@id\":\"https:\/\/jehidalgorealestate.com\/es\/barrios\/#breadcrumb\"},\"inLanguage\":\"es\",\"potentialAction\":[{\"@type\":\"ReadAction\",\"target\":[\"https:\/\/jehidalgorealestate.com\/es\/barrios\/\"]}]},{\"@type\":\"BreadcrumbList\",\"@id\":\"https:\/\/jehidalgorealestate.com\/es\/barrios\/#breadcrumb\",\"itemListElement\":[{\"@type\":\"ListItem\",\"position\":1,\"name\":\"Home\",\"item\":\"https:\/\/jehidalgorealestate.com\/es\/inicio\/\"},{\"@type\":\"ListItem\",\"position\":2,\"name\":\"Nueva construcci\u00f3n\"}]},{\"@type\":\"WebSite\",\"@id\":\"https:\/\/jehidalgorealestate.com\/es\/#website\",\"url\":\"https:\/\/jehidalgorealestate.com\/es\/\",\"name\":\"www.jehidalgorealestate.com\",\"description\":\"Real State Agent\",\"publisher\":{\"@id\":\"https:\/\/jehidalgorealestate.com\/es\/#\/schema\/person\/9e3797a232ebf849563948f5b1c8c32a\"},\"potentialAction\":[{\"@type\":\"SearchAction\",\"target\":{\"@type\":\"EntryPoint\",\"urlTemplate\":\"https:\/\/jehidalgorealestate.com\/es\/?s={search_term_string}\"},\"query-input\":{\"@type\":\"PropertyValueSpecification\",\"valueRequired\":true,\"valueName\":\"search_term_string\"}}],\"inLanguage\":\"es\"},{\"@type\":[\"Person\",\"Organization\"],\"@id\":\"https:\/\/jehidalgorealestate.com\/es\/#\/schema\/person\/9e3797a232ebf849563948f5b1c8c32a\",\"name\":\"Jorge E. Hidalgo\",\"image\":{\"@type\":\"ImageObject\",\"inLanguage\":\"es\",\"@id\":\"https:\/\/jehidalgorealestate.com\/wp-content\/uploads\/2021\/05\/cropped-fabicon.png\",\"url\":\"https:\/\/jehidalgorealestate.com\/wp-content\/uploads\/2021\/05\/cropped-fabicon.png\",\"contentUrl\":\"https:\/\/jehidalgorealestate.com\/wp-content\/uploads\/2021\/05\/cropped-fabicon.png\",\"width\":512,\"height\":512,\"caption\":\"Jorge E. Hidalgo\"},\"logo\":{\"@id\":\"https:\/\/jehidalgorealestate.com\/wp-content\/uploads\/2021\/05\/cropped-fabicon.png\"},\"sameAs\":[\"http:\/\/www.jehidalgorealestate.com\",\"https:\/\/www.facebook.com\/JeHidalgoMIA\/\",\"https:\/\/www.instagram.com\/jehidalgomia\/\",\"https:\/\/www.linkedin.com\/in\/jorge-e-hidalgo-borroto-p-a-2a6022152\/\"],\"knowsAbout\":[\"Real Estate Sales in Downtown Miami\",\"Brickell and Edgewater\"],\"knowsLanguage\":[\"English\",\"Spanish\"],\"jobTitle\":\"Real Estate Advisor\",\"worksFor\":\"Cervera Real Estate, Inc\"}]}<\/script>\n<!-- \/ Yoast SEO Premium plugin. -->","yoast_head_json":{"title":"Sobre Miami Lujo Nuevas Construcciones | JHidalgo","description":"\u00bfBuscando en los barrios de Miami? Aqu\u00ed est\u00e1 una visi\u00f3n general de por qu\u00e9 Downtown Miami, Brickell, y Edgewater son las 3 mejores \u00e1reas en Miami para comprar una propiedad de lujo.","robots":{"index":"index","follow":"follow","max-snippet":"max-snippet:-1","max-image-preview":"max-image-preview:large","max-video-preview":"max-video-preview:-1"},"canonical":"https:\/\/jehidalgorealestate.com\/es\/barrios\/","og_locale":"es_ES","og_type":"article","og_title":"Nueva construcci\u00f3n","og_url":"https:\/\/jehidalgorealestate.com\/es\/barrios\/","og_site_name":"JHidalgo","article_publisher":"https:\/\/www.facebook.com\/JeHidalgoMIA\/","article_modified_time":"2024-03-27T00:06:42+00:00","twitter_card":"summary_large_image","twitter_misc":{"Tiempo de lectura":"8 minutos"},"schema":{"@context":"https:\/\/schema.org","@graph":[{"@type":"WebPage","@id":"https:\/\/jehidalgorealestate.com\/es\/barrios\/","url":"https:\/\/jehidalgorealestate.com\/es\/barrios\/","name":"Sobre Miami Lujo Nuevas Construcciones | JHidalgo","isPartOf":{"@id":"https:\/\/jehidalgorealestate.com\/es\/#website"},"datePublished":"2021-05-15T23:45:51+00:00","dateModified":"2024-03-27T00:06:42+00:00","description":"\u00bfBuscando en los barrios de Miami? Aqu\u00ed est\u00e1 una visi\u00f3n general de por qu\u00e9 Downtown Miami, Brickell, y Edgewater son las 3 mejores \u00e1reas en Miami para comprar una propiedad de lujo.","breadcrumb":{"@id":"https:\/\/jehidalgorealestate.com\/es\/barrios\/#breadcrumb"},"inLanguage":"es","potentialAction":[{"@type":"ReadAction","target":["https:\/\/jehidalgorealestate.com\/es\/barrios\/"]}]},{"@type":"BreadcrumbList","@id":"https:\/\/jehidalgorealestate.com\/es\/barrios\/#breadcrumb","itemListElement":[{"@type":"ListItem","position":1,"name":"Home","item":"https:\/\/jehidalgorealestate.com\/es\/inicio\/"},{"@type":"ListItem","position":2,"name":"Nueva construcci\u00f3n"}]},{"@type":"WebSite","@id":"https:\/\/jehidalgorealestate.com\/es\/#website","url":"https:\/\/jehidalgorealestate.com\/es\/","name":"www.jehidalgorealestate.com","description":"Real State Agent","publisher":{"@id":"https:\/\/jehidalgorealestate.com\/es\/#\/schema\/person\/9e3797a232ebf849563948f5b1c8c32a"},"potentialAction":[{"@type":"SearchAction","target":{"@type":"EntryPoint","urlTemplate":"https:\/\/jehidalgorealestate.com\/es\/?s={search_term_string}"},"query-input":{"@type":"PropertyValueSpecification","valueRequired":true,"valueName":"search_term_string"}}],"inLanguage":"es"},{"@type":["Person","Organization"],"@id":"https:\/\/jehidalgorealestate.com\/es\/#\/schema\/person\/9e3797a232ebf849563948f5b1c8c32a","name":"Jorge E. Hidalgo","image":{"@type":"ImageObject","inLanguage":"es","@id":"https:\/\/jehidalgorealestate.com\/wp-content\/uploads\/2021\/05\/cropped-fabicon.png","url":"https:\/\/jehidalgorealestate.com\/wp-content\/uploads\/2021\/05\/cropped-fabicon.png","contentUrl":"https:\/\/jehidalgorealestate.com\/wp-content\/uploads\/2021\/05\/cropped-fabicon.png","width":512,"height":512,"caption":"Jorge E. Hidalgo"},"logo":{"@id":"https:\/\/jehidalgorealestate.com\/wp-content\/uploads\/2021\/05\/cropped-fabicon.png"},"sameAs":["http:\/\/www.jehidalgorealestate.com","https:\/\/www.facebook.com\/JeHidalgoMIA\/","https:\/\/www.instagram.com\/jehidalgomia\/","https:\/\/www.linkedin.com\/in\/jorge-e-hidalgo-borroto-p-a-2a6022152\/"],"knowsAbout":["Real Estate Sales in Downtown Miami","Brickell and Edgewater"],"knowsLanguage":["English","Spanish"],"jobTitle":"Real Estate Advisor","worksFor":"Cervera Real Estate, Inc"}]}},"_links":{"self":[{"href":"https:\/\/jehidalgorealestate.com\/es\/wp-json\/wp\/v2\/pages\/1378","targetHints":{"allow":["GET"]}}],"collection":[{"href":"https:\/\/jehidalgorealestate.com\/es\/wp-json\/wp\/v2\/pages"}],"about":[{"href":"https:\/\/jehidalgorealestate.com\/es\/wp-json\/wp\/v2\/types\/page"}],"author":[{"embeddable":true,"href":"https:\/\/jehidalgorealestate.com\/es\/wp-json\/wp\/v2\/users\/3"}],"replies":[{"embeddable":true,"href":"https:\/\/jehidalgorealestate.com\/es\/wp-json\/wp\/v2\/comments?post=1378"}],"version-history":[{"count":5,"href":"https:\/\/jehidalgorealestate.com\/es\/wp-json\/wp\/v2\/pages\/1378\/revisions"}],"predecessor-version":[{"id":1467,"href":"https:\/\/jehidalgorealestate.com\/es\/wp-json\/wp\/v2\/pages\/1378\/revisions\/1467"}],"wp:attachment":[{"href":"https:\/\/jehidalgorealestate.com\/es\/wp-json\/wp\/v2\/media?parent=1378"}],"curies":[{"name":"wp","href":"https:\/\/api.w.org\/{rel}","templated":true}]}}